{"id":603,"date":"2020-05-15T08:01:11","date_gmt":"2020-05-15T12:01:11","guid":{"rendered":"https:\/\/sharondesousa.ca\/contact-layout-2\/"},"modified":"2024-05-22T23:05:24","modified_gmt":"2024-05-23T03:05:24","slug":"contact-layout-2","status":"publish","type":"page","link":"https:\/\/sharondesousa.ca\/fr\/contact-layout-2\/","title":{"rendered":"Impliquez-vous"},"content":{"rendered":"\t\t<div data-elementor-type=\"wp-page\" data-elementor-id=\"603\" class=\"elementor elementor-603 elementor-332\">\n\t\t\t\t<div class=\"elementor-element elementor-element-1a85dcbb e-flex e-con-boxed e-con e-parent\" data-id=\"1a85dcbb\" data-element_type=\"container\">\n\t\t\t\t\t<div class=\"e-con-inner\">\n\t\t\t\t<div class=\"elementor-element elementor-element-3a77cf46 elementor-widget elementor-widget-text-editor\" data-id=\"3a77cf46\" data-element_type=\"widget\" data-widget_type=\"text-editor.default\">\n\t\t\t\t<div class=\"elementor-widget-container\">\n\t\t\t<style>\/*! elementor - v3.21.0 - 08-05-2024 *\/\n.elementor-widget-text-editor.elementor-drop-cap-view-stacked .elementor-drop-cap{background-color:#69727d;color:#fff}.elementor-widget-text-editor.elementor-drop-cap-view-framed .elementor-drop-cap{color:#69727d;border:3px solid;background-color:transparent}.elementor-widget-text-editor:not(.elementor-drop-cap-view-default) .elementor-drop-cap{margin-top:8px}.elementor-widget-text-editor:not(.elementor-drop-cap-view-default) .elementor-drop-cap-letter{width:1em;height:1em}.elementor-widget-text-editor .elementor-drop-cap{float:left;text-align:center;line-height:1;font-size:50px}.elementor-widget-text-editor .elementor-drop-cap-letter{display:inline-block}<\/style>\t\t\t\t\n\n<div class=\"wpcf7 no-js\" id=\"wpcf7-f834-o1\" lang=\"fr-FR\" dir=\"ltr\">\n<div class=\"screen-reader-response\"><p role=\"status\" aria-live=\"polite\" aria-atomic=\"true\"><\/p> <ul><\/ul><\/div>\n<form action=\"\/fr\/wp-json\/wp\/v2\/pages\/603#wpcf7-f834-o1\" method=\"post\" class=\"wpcf7-form init\" aria-label=\"Formulaire de contact\" novalidate=\"novalidate\" data-status=\"init\">\n<div style=\"display: none;\">\n<input type=\"hidden\" name=\"_wpcf7\" value=\"834\" \/>\n<input type=\"hidden\" name=\"_wpcf7_version\" value=\"5.9.4\" \/>\n<input type=\"hidden\" name=\"_wpcf7_locale\" value=\"fr_FR\" \/>\n<input type=\"hidden\" name=\"_wpcf7_unit_tag\" value=\"wpcf7-f834-o1\" \/>\n<input type=\"hidden\" name=\"_wpcf7_container_post\" value=\"0\" \/>\n<input type=\"hidden\" name=\"_wpcf7_posted_data_hash\" value=\"\" \/>\n<\/div>\n<div class=\"row\">\n\t<div class=\"col-sm-6\">\n\t\t<p><label><span class=\"wpcf7-form-control-wrap\" data-name=\"your-name\"><input size=\"40\" class=\"wpcf7-form-control wpcf7-text wpcf7-validates-as-required\" aria-required=\"true\" aria-invalid=\"false\" placeholder=\"Nom\" value=\"\" type=\"text\" name=\"your-name\" \/><\/span> <\/label>\n\t\t<\/p>\n\t<\/div>\n\t<div class=\"col-sm-6\">\n\t\t<p><label><span class=\"wpcf7-form-control-wrap\" data-name=\"your-email\"><input size=\"40\" class=\"wpcf7-form-control wpcf7-email wpcf7-validates-as-required wpcf7-text wpcf7-validates-as-email\" aria-required=\"true\" aria-invalid=\"false\" placeholder=\"Courriel\" value=\"\" type=\"email\" name=\"your-email\" \/><\/span> <\/label>\n\t\t<\/p>\n\t<\/div>\n\t<div class=\"col-sm-4\">\n\t\t<p><label><span class=\"wpcf7-form-control-wrap\" data-name=\"phone\"><input size=\"40\" class=\"wpcf7-form-control wpcf7-text wpcf7-validates-as-required\" aria-required=\"true\" aria-invalid=\"false\" placeholder=\"Num\u00e9ro de t\u00e9l\u00e9phone\" value=\"\" type=\"text\" name=\"phone\" \/><\/span> <\/label>\n\t\t<\/p>\n\t<\/div>\n\t<div class=\"col-sm-4\">\n\t\t<p><label><span class=\"wpcf7-form-control-wrap\" data-name=\"course\"><input size=\"40\" class=\"wpcf7-form-control wpcf7-text wpcf7-validates-as-required\" aria-required=\"true\" aria-invalid=\"false\" placeholder=\"Message\" value=\"\" type=\"text\" name=\"course\" \/><\/span> <\/label>\n\t\t<\/p>\n\t<\/div>\n\t<div class=\"col-sm-4\">\n\t\t<p><input class=\"wpcf7-form-control wpcf7-submit has-spinner\" type=\"submit\" value=\"Send\/\/Envoyer\" \/>\n\t\t<\/p>\n\t<\/div>\n<\/div><div class=\"wpcf7-response-output\" aria-hidden=\"true\"><\/div>\n<\/form>\n<\/div>\n\n\t\t\t\t\t\t<\/div>\n\t\t\t\t<\/div>\n\t\t\t\t<div class=\"elementor-element elementor-element-2180ba2 elementor-widget elementor-widget-heading\" data-id=\"2180ba2\" data-element_type=\"widget\" data-widget_type=\"heading.default\">\n\t\t\t\t<div class=\"elementor-widget-container\">\n\t\t\t<style>\/*! elementor - v3.21.0 - 08-05-2024 *\/\n.elementor-heading-title{padding:0;margin:0;line-height:1}.elementor-widget-heading .elementor-heading-title[class*=elementor-size-]>a{color:inherit;font-size:inherit;line-height:inherit}.elementor-widget-heading .elementor-heading-title.elementor-size-small{font-size:15px}.elementor-widget-heading .elementor-heading-title.elementor-size-medium{font-size:19px}.elementor-widget-heading .elementor-heading-title.elementor-size-large{font-size:29px}.elementor-widget-heading .elementor-heading-title.elementor-size-xl{font-size:39px}.elementor-widget-heading .elementor-heading-title.elementor-size-xxl{font-size:59px}<\/style><h2 class=\"elementor-heading-title elementor-size-default\">Soutenez la campagne de Sharon<\/h2>\t\t<\/div>\n\t\t\t\t<\/div>\n\t\t\t\t\t<\/div>\n\t\t\t\t<\/div>\n\t\t<div class=\"elementor-element elementor-element-150c07b e-grid e-con-boxed e-con e-parent\" data-id=\"150c07b\" data-element_type=\"container\">\n\t\t\t\t\t<div class=\"e-con-inner\">\n\t\t\t\t<div class=\"elementor-element elementor-element-6136c79 elementor-position-top elementor-widget elementor-widget-image-box\" data-id=\"6136c79\" data-element_type=\"widget\" data-widget_type=\"image-box.default\">\n\t\t\t\t<div class=\"elementor-widget-container\">\n\t\t\t<style>\/*! elementor - v3.21.0 - 08-05-2024 *\/\n.elementor-widget-image-box .elementor-image-box-content{width:100%}@media (min-width:768px){.elementor-widget-image-box.elementor-position-left .elementor-image-box-wrapper,.elementor-widget-image-box.elementor-position-right .elementor-image-box-wrapper{display:flex}.elementor-widget-image-box.elementor-position-right .elementor-image-box-wrapper{text-align:end;flex-direction:row-reverse}.elementor-widget-image-box.elementor-position-left .elementor-image-box-wrapper{text-align:start;flex-direction:row}.elementor-widget-image-box.elementor-position-top .elementor-image-box-img{margin:auto}.elementor-widget-image-box.elementor-vertical-align-top .elementor-image-box-wrapper{align-items:flex-start}.elementor-widget-image-box.elementor-vertical-align-middle .elementor-image-box-wrapper{align-items:center}.elementor-widget-image-box.elementor-vertical-align-bottom .elementor-image-box-wrapper{align-items:flex-end}}@media (max-width:767px){.elementor-widget-image-box .elementor-image-box-img{margin-left:auto!important;margin-right:auto!important;margin-bottom:15px}}.elementor-widget-image-box .elementor-image-box-img{display:inline-block}.elementor-widget-image-box .elementor-image-box-title a{color:inherit}.elementor-widget-image-box .elementor-image-box-wrapper{text-align:center}.elementor-widget-image-box .elementor-image-box-description{margin:0}<\/style><div class=\"elementor-image-box-wrapper\"><figure class=\"elementor-image-box-img\"><a href=\"https:\/\/sharondesousa.ca\/wp-content\/uploads\/2024\/05\/Facebook-Banner.png\" target=\"_blank\" tabindex=\"-1\"><img fetchpriority=\"high\" decoding=\"async\" width=\"3417\" height=\"1500\" src=\"https:\/\/sharondesousa.ca\/wp-content\/uploads\/2024\/05\/Facebook-Banner.png\" class=\"attachment-full size-full wp-image-896\" alt=\"\" srcset=\"https:\/\/sharondesousa.ca\/wp-content\/uploads\/2024\/05\/Facebook-Banner.png 3417w, https:\/\/sharondesousa.ca\/wp-content\/uploads\/2024\/05\/Facebook-Banner-300x132.png 300w, https:\/\/sharondesousa.ca\/wp-content\/uploads\/2024\/05\/Facebook-Banner-1024x450.png 1024w, https:\/\/sharondesousa.ca\/wp-content\/uploads\/2024\/05\/Facebook-Banner-768x337.png 768w, https:\/\/sharondesousa.ca\/wp-content\/uploads\/2024\/05\/Facebook-Banner-1536x674.png 1536w, https:\/\/sharondesousa.ca\/wp-content\/uploads\/2024\/05\/Facebook-Banner-2048x899.png 2048w\" sizes=\"(max-width: 3417px) 100vw, 3417px\" \/><\/a><\/figure><div class=\"elementor-image-box-content\"><h3 class=\"elementor-image-box-title\"><a href=\"https:\/\/sharondesousa.ca\/wp-content\/uploads\/2024\/05\/Facebook-Banner.png\" target=\"_blank\">Banni\u00e8re Facebook<\/a><\/h3><\/div><\/div>\t\t<\/div>\n\t\t\t\t<\/div>\n\t\t\t\t<div class=\"elementor-element elementor-element-92dce88 elementor-position-top elementor-widget elementor-widget-image-box\" data-id=\"92dce88\" data-element_type=\"widget\" data-widget_type=\"image-box.default\">\n\t\t\t\t<div class=\"elementor-widget-container\">\n\t\t\t<div class=\"elementor-image-box-wrapper\"><figure class=\"elementor-image-box-img\"><img decoding=\"async\" width=\"6250\" height=\"2084\" src=\"https:\/\/sharondesousa.ca\/wp-content\/uploads\/2024\/05\/Twitter-Banner.png\" class=\"attachment-full size-full wp-image-890\" alt=\"\" srcset=\"https:\/\/sharondesousa.ca\/wp-content\/uploads\/2024\/05\/Twitter-Banner.png 6250w, https:\/\/sharondesousa.ca\/wp-content\/uploads\/2024\/05\/Twitter-Banner-300x100.png 300w, https:\/\/sharondesousa.ca\/wp-content\/uploads\/2024\/05\/Twitter-Banner-1024x341.png 1024w, https:\/\/sharondesousa.ca\/wp-content\/uploads\/2024\/05\/Twitter-Banner-768x256.png 768w, https:\/\/sharondesousa.ca\/wp-content\/uploads\/2024\/05\/Twitter-Banner-1536x512.png 1536w, https:\/\/sharondesousa.ca\/wp-content\/uploads\/2024\/05\/Twitter-Banner-2048x683.png 2048w\" sizes=\"(max-width: 6250px) 100vw, 6250px\" \/><\/figure><div class=\"elementor-image-box-content\"><h3 class=\"elementor-image-box-title\">Banni\u00e8re Twitter<\/h3><\/div><\/div>\t\t<\/div>\n\t\t\t\t<\/div>\n\t\t\t\t<div class=\"elementor-element elementor-element-26103b6 elementor-position-top elementor-widget elementor-widget-image-box\" data-id=\"26103b6\" data-element_type=\"widget\" data-widget_type=\"image-box.default\">\n\t\t\t\t<div class=\"elementor-widget-container\">\n\t\t\t<div class=\"elementor-image-box-wrapper\"><figure class=\"elementor-image-box-img\"><img decoding=\"async\" width=\"1667\" height=\"1667\" src=\"https:\/\/sharondesousa.ca\/wp-content\/uploads\/2024\/05\/Square.png\" class=\"attachment-full size-full wp-image-892\" alt=\"\" srcset=\"https:\/\/sharondesousa.ca\/wp-content\/uploads\/2024\/05\/Square.png 1667w, https:\/\/sharondesousa.ca\/wp-content\/uploads\/2024\/05\/Square-300x300.png 300w, https:\/\/sharondesousa.ca\/wp-content\/uploads\/2024\/05\/Square-1024x1024.png 1024w, https:\/\/sharondesousa.ca\/wp-content\/uploads\/2024\/05\/Square-150x150.png 150w, https:\/\/sharondesousa.ca\/wp-content\/uploads\/2024\/05\/Square-768x768.png 768w, https:\/\/sharondesousa.ca\/wp-content\/uploads\/2024\/05\/Square-1536x1536.png 1536w\" sizes=\"(max-width: 1667px) 100vw, 1667px\" \/><\/figure><div class=\"elementor-image-box-content\"><h3 class=\"elementor-image-box-title\">Photo de profil<\/h3><\/div><\/div>\t\t<\/div>\n\t\t\t\t<\/div>\n\t\t\t\t<div class=\"elementor-element elementor-element-acd645f elementor-position-top elementor-widget elementor-widget-image-box\" data-id=\"acd645f\" data-element_type=\"widget\" data-widget_type=\"image-box.default\">\n\t\t\t\t<div class=\"elementor-widget-container\">\n\t\t\t<div class=\"elementor-image-box-wrapper\"><figure class=\"elementor-image-box-img\"><img loading=\"lazy\" decoding=\"async\" width=\"1026\" height=\"978\" src=\"https:\/\/sharondesousa.ca\/wp-content\/uploads\/2024\/05\/Screenshot-2024-05-13-at-12.47.00\u202fAM.png\" class=\"attachment-full size-full wp-image-879\" alt=\"Vote Sharon\" srcset=\"https:\/\/sharondesousa.ca\/wp-content\/uploads\/2024\/05\/Screenshot-2024-05-13-at-12.47.00\u202fAM.png 1026w, https:\/\/sharondesousa.ca\/wp-content\/uploads\/2024\/05\/Screenshot-2024-05-13-at-12.47.00\u202fAM-300x286.png 300w, https:\/\/sharondesousa.ca\/wp-content\/uploads\/2024\/05\/Screenshot-2024-05-13-at-12.47.00\u202fAM-1024x976.png 1024w, https:\/\/sharondesousa.ca\/wp-content\/uploads\/2024\/05\/Screenshot-2024-05-13-at-12.47.00\u202fAM-768x732.png 768w\" sizes=\"(max-width: 1026px) 100vw, 1026px\" \/><\/figure><div class=\"elementor-image-box-content\"><h3 class=\"elementor-image-box-title\">Photo de profil<\/h3><\/div><\/div>\t\t<\/div>\n\t\t\t\t<\/div>\n\t\t\t\t\t<\/div>\n\t\t\t\t<\/div>\n\t\t\t\t<\/div>\n\t\t","protected":false},"excerpt":{"rendered":"<p>Soutenez la campagne de Sharon Banni\u00e8re Facebook Banni\u00e8re Twitter Photo de profil Photo de profil<\/p>\n","protected":false},"author":1,"featured_media":0,"parent":0,"menu_order":0,"comment_status":"closed","ping_status":"closed","template":"templates\/contact-layout2.php","meta":{"_eb_attr":"","footnotes":""},"class_list":["post-603","page","type-page","status-publish","hentry"],"_links":{"self":[{"href":"https:\/\/sharondesousa.ca\/fr\/wp-json\/wp\/v2\/pages\/603","targetHints":{"allow":["GET"]}}],"collection":[{"href":"https:\/\/sharondesousa.ca\/fr\/wp-json\/wp\/v2\/pages"}],"about":[{"href":"https:\/\/sharondesousa.ca\/fr\/wp-json\/wp\/v2\/types\/page"}],"author":[{"embeddable":true,"href":"https:\/\/sharondesousa.ca\/fr\/wp-json\/wp\/v2\/users\/1"}],"replies":[{"embeddable":true,"href":"https:\/\/sharondesousa.ca\/fr\/wp-json\/wp\/v2\/comments?post=603"}],"version-history":[{"count":8,"href":"https:\/\/sharondesousa.ca\/fr\/wp-json\/wp\/v2\/pages\/603\/revisions"}],"predecessor-version":[{"id":909,"href":"https:\/\/sharondesousa.ca\/fr\/wp-json\/wp\/v2\/pages\/603\/revisions\/909"}],"wp:attachment":[{"href":"https:\/\/sharondesousa.ca\/fr\/wp-json\/wp\/v2\/media?parent=603"}],"curies":[{"name":"wp","href":"https:\/\/api.w.org\/{rel}","templated":true}]}}